{"id":6703,"date":"2021-09-23T12:15:19","date_gmt":"2021-09-23T10:15:19","guid":{"rendered":"https:\/\/meylanfreres.ch\/emploi\/"},"modified":"2026-01-27T16:54:51","modified_gmt":"2026-01-27T15:54:51","slug":"karriere","status":"publish","type":"page","link":"https:\/\/meylanfreres.ch\/de\/karriere\/","title":{"rendered":"Karriere"},"content":{"rendered":"<div class=\"wpb-content-wrapper\"><p>[vc_row][vc_column]<div id=\"ultimate-heading-902369df12cbae20d\" class=\"uvc-heading ult-adjust-bottom-margin ultimate-heading-902369df12cbae20d uvc-4443 \" data-hspacer=\"no_spacer\"  data-halign=\"left\" style=\"text-align:left\"><div class=\"uvc-heading-spacer no_spacer\" style=\"top\"><\/div><div class=\"uvc-main-heading ult-responsive\"  data-ultimate-target='.uvc-heading.ultimate-heading-902369df12cbae20d h2'  data-responsive-json-new='{\"font-size\":\"desktop:26px;\",\"line-height\":\"\"}' ><h2 style=\"font-weight:bold;margin-bottom:45px;\">Derzeit haben wir keine offenen Stellen zu besetzen.<\/h2><\/div><div class=\"uvc-sub-heading ult-responsive\"  data-ultimate-target='.uvc-heading.ultimate-heading-902369df12cbae20d .uvc-sub-heading '  data-responsive-json-new='{\"font-size\":\"\",\"line-height\":\"\"}'  style=\"font-weight:normal;\">Sie k\u00f6nnen uns jedoch Ihre Initiativbewerbung an <a href=\"mailto:info@meylanfreres.ch\" target=\"_blank\" rel=\"noopener noreferrer\">info@meylanfreres.ch<\/a> senden.<\/div><\/div><div class=\"ult-spacer spacer-69df12cbae24b\" data-id=\"69df12cbae24b\" data-height=\"60\" data-height-mobile=\"30\" data-height-tab=\"60\" data-height-tab-portrait=\"60\" data-height-mobile-landscape=\"30\" style=\"clear:both;display:block;\"><\/div>[\/vc_column][\/vc_row][vc_row disable_element=&#8221;yes&#8221;][vc_column]<div id=\"ultimate-heading-169069df12cbae26b\" class=\"uvc-heading ult-adjust-bottom-margin ultimate-heading-169069df12cbae26b uvc-639 \" data-hspacer=\"no_spacer\"  data-halign=\"left\" style=\"text-align:left\"><div class=\"uvc-heading-spacer no_spacer\" style=\"top\"><\/div><div class=\"uvc-main-heading ult-responsive\"  data-ultimate-target='.uvc-heading.ultimate-heading-169069df12cbae26b h2'  data-responsive-json-new='{\"font-size\":\"desktop:26px;\",\"line-height\":\"\"}' ><h2 style=\"font-weight:bold;margin-bottom:45px;\">Hier finden Sie die aktuellen Stellenausschreibungen:<\/h2><\/div><\/div>[\/vc_column][\/vc_row][vc_row disable_element=&#8221;yes&#8221;][vc_column][vc_column_text]<\/p>\n<ul>\n<li style=\"display: none;\">Assistante commerciale (<a href=\"https:\/\/meylanfreres.ch\/wp-content\/uploads\/2022\/05\/meylan-freres-annonce-assistance-commerciale.pdf\" target=\"_blank\" rel=\"noopener noreferrer\">cliquez ici pour t\u00e9l\u00e9charger le descriptif complet<\/a>)<\/li>\n<li style=\"display: none;\">Employ\u00e9 de commerce (<a href=\"https:\/\/meylanfreres.ch\/wp-content\/uploads\/2022\/04\/meylan-freres-offre-de-poste-employe-de-commerce.pdf\" target=\"_blank\" rel=\"noopener noreferrer\">cliquez ici pour t\u00e9l\u00e9charger le descriptif complet<\/a>)<\/li>\n<li style=\"display: none;\">M\u00e9canicien outilleur (<a href=\"https:\/\/meylanfreres.ch\/wp-content\/uploads\/2021\/09\/meylan-frere-offre-emploi-mecanicien-outilleur-2.pdf\" target=\"_blank\" rel=\"noopener noreferrer\">cliquez ici pour t\u00e9l\u00e9charger le descriptif complet<\/a>)<\/li>\n<li>Werkzeugmechaniker\/in (<a href=\"https:\/\/meylanfreres.ch\/wp-content\/uploads\/2024\/07\/meylan-stellenangebot-werkzeugmechaniker.pdf\" target=\"_blank\" rel=\"noopener\">hier klicken, um die vollst\u00e4ndige Beschreibung herunterzuladen<\/a>)<\/li>\n<li style=\"display: none;\">Responsable de projets\u00a0(<a href=\"https:\/\/meylanfreres.ch\/wp-content\/uploads\/2022\/03\/meylan-freres-offre-de-poste-responsable-de-projets.pdf\" target=\"_blank\" rel=\"noopener noreferrer\">cliquez ici pour t\u00e9l\u00e9charger le descriptif complet<\/a>)<\/li>\n<\/ul>\n<p>[\/vc_column_text][\/vc_column][\/vc_row][vc_row disable_element=&#8221;yes&#8221;][vc_column][vc_column_text]<strong>Sie k\u00f6nnen uns Ihre Bewerbungen f\u00fcr diese Stellen oder Ihre Initiativbewerbungen an folgende E-Mail-Adresse senden: <a href=\"mailto:info@meylanfreres.ch\">info@meylanfreres.ch<\/a><\/strong>[\/vc_column_text]<div class=\"ult-spacer spacer-69df12cbae286\" data-id=\"69df12cbae286\" data-height=\"60\" data-height-mobile=\"30\" data-height-tab=\"60\" data-height-tab-portrait=\"60\" data-height-mobile-landscape=\"30\" style=\"clear:both;display:block;\"><\/div>[\/vc_column][\/vc_row]<\/p>\n<\/div>","protected":false},"excerpt":{"rendered":"<p>[vc_row][vc_column][\/vc_column][\/vc_row][vc_row disable_element=&#8221;yes&#8221;][vc_column][\/vc_column][\/vc_row][vc_row disable_element=&#8221;yes&#8221;][vc_column][vc_column_text] Assistante commerciale (cliquez ici pour t\u00e9l\u00e9charger le descriptif complet) Employ\u00e9 de commerce (cliquez ici pour t\u00e9l\u00e9charger le descriptif complet) M\u00e9canicien outilleur (cliquez ici pour t\u00e9l\u00e9charger le descriptif complet) Werkzeugmechaniker\/in (hier klicken, um die vollst\u00e4ndige Beschreibung herunterzuladen) Responsable de projets\u00a0(cliquez ici pour t\u00e9l\u00e9charger le descriptif complet) [\/vc_column_text][\/vc_column][\/vc_row][vc_row disable_element=&#8221;yes&#8221;][vc_column][vc_column_text]Sie k\u00f6nnen uns Ihre Bewerbungen f\u00fcr [&hellip;]<\/p>\n","protected":false},"author":3,"featured_media":1677,"parent":0,"menu_order":0,"comment_status":"closed","ping_status":"closed","template":"","meta":{"_acf_changed":false,"inline_featured_image":false,"footnotes":""},"class_list":["post-6703","page","type-page","status-publish","has-post-thumbnail","hentry"],"acf":[],"_links":{"self":[{"href":"https:\/\/meylanfreres.ch\/de\/wp-json\/wp\/v2\/pages\/6703","targetHints":{"allow":["GET"]}}],"collection":[{"href":"https:\/\/meylanfreres.ch\/de\/wp-json\/wp\/v2\/pages"}],"about":[{"href":"https:\/\/meylanfreres.ch\/de\/wp-json\/wp\/v2\/types\/page"}],"author":[{"embeddable":true,"href":"https:\/\/meylanfreres.ch\/de\/wp-json\/wp\/v2\/users\/3"}],"replies":[{"embeddable":true,"href":"https:\/\/meylanfreres.ch\/de\/wp-json\/wp\/v2\/comments?post=6703"}],"version-history":[{"count":0,"href":"https:\/\/meylanfreres.ch\/de\/wp-json\/wp\/v2\/pages\/6703\/revisions"}],"wp:featuredmedia":[{"embeddable":true,"href":"https:\/\/meylanfreres.ch\/de\/wp-json\/wp\/v2\/media\/1677"}],"wp:attachment":[{"href":"https:\/\/meylanfreres.ch\/de\/wp-json\/wp\/v2\/media?parent=6703"}],"curies":[{"name":"wp","href":"https:\/\/api.w.org\/{rel}","templated":true}]}}