{"id":3093,"date":"2020-08-24T15:40:09","date_gmt":"2020-08-24T13:40:09","guid":{"rendered":"https:\/\/meylanfreres.ch\/?page_id=3093"},"modified":"2020-08-24T17:08:55","modified_gmt":"2020-08-24T15:08:55","slug":"elektroerodieren","status":"publish","type":"page","link":"https:\/\/meylanfreres.ch\/de\/leistungen\/elektroerodieren\/","title":{"rendered":"Elektroerodieren"},"content":{"rendered":"<div class=\"wpb-content-wrapper\"><p>[vc_row][vc_column]<div id=\"ultimate-heading-248569e0bc7c675f1\" class=\"uvc-heading ult-adjust-bottom-margin ultimate-heading-248569e0bc7c675f1 uvc-3162 \" data-hspacer=\"no_spacer\"  data-halign=\"left\" style=\"text-align:left\"><div class=\"uvc-heading-spacer no_spacer\" style=\"top\"><\/div><div class=\"uvc-main-heading ult-responsive\"  data-ultimate-target='.uvc-heading.ultimate-heading-248569e0bc7c675f1 h2'  data-responsive-json-new='{\"font-size\":\"\",\"line-height\":\"\"}' ><h2 style=\"font-weight:normal;\">Leistungen<\/h2><\/div><\/div>[\/vc_column][\/vc_row][vc_row content_placement=&#8221;top&#8221;][vc_column width=&#8221;1\/2&#8243; offset=&#8221;vc_hidden-sm vc_hidden-xs&#8221;][\/vc_column][vc_column offset=&#8221;vc_col-md-6&#8243;]<div id=\"ultimate-heading-406469e0bc7c67630\" class=\"uvc-heading ult-adjust-bottom-margin ultimate-heading-406469e0bc7c67630 uvc-3280 \" data-hspacer=\"no_spacer\"  data-halign=\"left\" style=\"text-align:left\"><div class=\"uvc-heading-spacer no_spacer\" style=\"top\"><\/div><div class=\"uvc-main-heading ult-responsive\"  data-ultimate-target='.uvc-heading.ultimate-heading-406469e0bc7c67630 h3'  data-responsive-json-new='{\"font-size\":\"\",\"line-height\":\"\"}' ><h3 style=\"font-weight:normal;\">Auftragsarbeiten im Bereich Elektroerosion<\/h3><\/div><\/div>[\/vc_column][vc_column offset=&#8221;vc_col-md-6&#8243;][vc_single_image image=&#8221;906&#8243; img_size=&#8221;full&#8221; css=&#8221;.vc_custom_1582034193602{margin-top: 10px !important;}&#8221;][\/vc_column][vc_column offset=&#8221;vc_col-md-6&#8243;][vc_column_text]MEYLAN Fr\u00e8res SA ist Experte im Bereich der Erodiertechnik seit dem Aufkommen der Technologie und verf\u00fcgt \u00fcber einen modernen Maschinenpark. Wir sind anerkannte Spezialisten auf dem Gebiet der Produktion von mikromechanischen Bauteilen mit Hilfe der Erodiertechnik.<\/p>\n<p>Diese Arbeiten, die haupts\u00e4chlich von Uhrenherstellern, aber auch von Unternehmen aus der Medizintechnik-, Elektronik- und Automobilbranche in Auftrag gegeben werden, f\u00fchren wir parallel zu unseren T\u00e4tigkeiten im Bereich Stanzen durch.<\/p>\n<p>Diese Herstellungsmethode ist vorrangig f\u00fcr kleine St\u00fcckzahlen bis zu einigen Tausend Einheiten geeignet. Mit dieser Technik lassen sich komplexe Geometrien und hochfeine Oberfl\u00e4chen mit h\u00f6chster Pr\u00e4zision herstellen.<\/p>\n<p><em>Wie in allen anderen Bereichen garantiert MEYLAN Fr\u00e8res SA auch hier eine au\u00dfergew\u00f6hnlich hohe Ausf\u00fchrungsqualit\u00e4t.<\/em>[\/vc_column_text][\/vc_column][\/vc_row][vc_row][vc_column][vc_empty_space height=&#8221;35px&#8221;][\/vc_column][\/vc_row][vc_row][vc_column][vc_masonry_media_grid gap=&#8221;0&#8243; grid_id=&#8221;vc_gid:1598276346363-a361bd8c-95fb-9&#8243; include=&#8221;888,891,894,897,900,903&#8243;][\/vc_column][\/vc_row][vc_row][vc_column][vc_empty_space height=&#8221;50px&#8221;][\/vc_column][\/vc_row][vc_row full_width=&#8221;stretch_row&#8221; css=&#8221;.vc_custom_1582034708038{background-color: #27578D !important;}&#8221; el_class=&#8221;background-with-meylan-logo&#8221;][vc_column][vc_empty_space height=&#8221;40px&#8221;]<div id=\"ultimate-heading-919169e0bc7c67652\" class=\"uvc-heading ult-adjust-bottom-margin ultimate-heading-919169e0bc7c67652 uvc-3796 \" data-hspacer=\"no_spacer\"  data-halign=\"center\" style=\"text-align:center\"><div class=\"uvc-heading-spacer no_spacer\" style=\"top\"><\/div><div class=\"uvc-main-heading ult-responsive\"  data-ultimate-target='.uvc-heading.ultimate-heading-919169e0bc7c67652 h2'  data-responsive-json-new='{\"font-size\":\"\",\"line-height\":\"\"}' ><h2 style=\"font-weight:normal;color:#ffffff;\">Erfahren Sie mehr \u00fcber unsere Leistungen im Bereich Stanzen und progressive Pr\u00e4gung<\/h2><\/div><\/div>[vc_empty_space height=&#8221;30px&#8221;]\r<!-- rt-button2 -->\r<div class=\"rt-button2 element-two hover-style-one exae2e50fe9ac49e9  \"  data-button-direction=\"center\" data-button-fullwidth=\"false\" ><a style=\" color: #27578D; font-size: 14px;\" class=\"rt-button2-main  vc_custom_1598276407492\" href=\"\/de\/leistungen\/stanzen-und-progressive-praegung\/\"  title=\"\" target=\"_self\"><div class=\"overlay\"><\/div><div class=\"placeholder\">Mehr erfahre<\/div><\/a><\/div>\r<!-- rt-button2 -->\r[\/vc_column][\/vc_row]<\/p>\n<\/div>","protected":false},"excerpt":{"rendered":"<p>[vc_row][vc_column][\/vc_column][\/vc_row][vc_row content_placement=&#8221;top&#8221;][vc_column width=&#8221;1\/2&#8243; offset=&#8221;vc_hidden-sm vc_hidden-xs&#8221;][\/vc_column][vc_column offset=&#8221;vc_col-md-6&#8243;][\/vc_column][vc_column offset=&#8221;vc_col-md-6&#8243;][vc_single_image image=&#8221;906&#8243; img_size=&#8221;full&#8221; css=&#8221;.vc_custom_1582034193602{margin-top: 10px !important;}&#8221;][\/vc_column][vc_column offset=&#8221;vc_col-md-6&#8243;][vc_column_text]MEYLAN Fr\u00e8res SA ist Experte im Bereich der Erodiertechnik seit dem Aufkommen der Technologie und verf\u00fcgt \u00fcber einen modernen Maschinenpark. Wir sind anerkannte Spezialisten auf dem Gebiet der Produktion von mikromechanischen Bauteilen mit Hilfe der Erodiertechnik. Diese Arbeiten, die haupts\u00e4chlich von Uhrenherstellern, aber [&hellip;]<\/p>\n","protected":false},"author":3,"featured_media":1443,"parent":3088,"menu_order":0,"comment_status":"closed","ping_status":"closed","template":"","meta":{"_acf_changed":false,"inline_featured_image":false,"footnotes":""},"class_list":["post-3093","page","type-page","status-publish","has-post-thumbnail","hentry"],"acf":[],"_links":{"self":[{"href":"https:\/\/meylanfreres.ch\/de\/wp-json\/wp\/v2\/pages\/3093","targetHints":{"allow":["GET"]}}],"collection":[{"href":"https:\/\/meylanfreres.ch\/de\/wp-json\/wp\/v2\/pages"}],"about":[{"href":"https:\/\/meylanfreres.ch\/de\/wp-json\/wp\/v2\/types\/page"}],"author":[{"embeddable":true,"href":"https:\/\/meylanfreres.ch\/de\/wp-json\/wp\/v2\/users\/3"}],"replies":[{"embeddable":true,"href":"https:\/\/meylanfreres.ch\/de\/wp-json\/wp\/v2\/comments?post=3093"}],"version-history":[{"count":0,"href":"https:\/\/meylanfreres.ch\/de\/wp-json\/wp\/v2\/pages\/3093\/revisions"}],"up":[{"embeddable":true,"href":"https:\/\/meylanfreres.ch\/de\/wp-json\/wp\/v2\/pages\/3088"}],"wp:featuredmedia":[{"embeddable":true,"href":"https:\/\/meylanfreres.ch\/de\/wp-json\/wp\/v2\/media\/1443"}],"wp:attachment":[{"href":"https:\/\/meylanfreres.ch\/de\/wp-json\/wp\/v2\/media?parent=3093"}],"curies":[{"name":"wp","href":"https:\/\/api.w.org\/{rel}","templated":true}]}}