{"id":3090,"date":"2020-08-24T15:36:14","date_gmt":"2020-08-24T13:36:14","guid":{"rendered":"https:\/\/meylanfreres.ch\/?page_id=3090"},"modified":"2020-08-24T17:09:42","modified_gmt":"2020-08-24T15:09:42","slug":"stanzen-und-progressive-praegung","status":"publish","type":"page","link":"https:\/\/meylanfreres.ch\/de\/leistungen\/stanzen-und-progressive-praegung\/","title":{"rendered":"Stanzen und Progressive Pr\u00e4gung"},"content":{"rendered":"<div class=\"wpb-content-wrapper\"><p>[vc_row][vc_column]<div id=\"ultimate-heading-297169decd978f3f8\" class=\"uvc-heading ult-adjust-bottom-margin ultimate-heading-297169decd978f3f8 uvc-7490 \" data-hspacer=\"no_spacer\"  data-halign=\"left\" style=\"text-align:left\"><div class=\"uvc-heading-spacer no_spacer\" style=\"top\"><\/div><div class=\"uvc-main-heading ult-responsive\"  data-ultimate-target='.uvc-heading.ultimate-heading-297169decd978f3f8 h2'  data-responsive-json-new='{\"font-size\":\"\",\"line-height\":\"\"}' ><h2 style=\"font-weight:normal;\">Leistungen<\/h2><\/div><\/div>[vc_row_inner][vc_column_inner width=&#8221;3\/4&#8243;]<div id=\"ultimate-heading-543269decd978f443\" class=\"uvc-heading ult-adjust-bottom-margin ultimate-heading-543269decd978f443 uvc-4300 \" data-hspacer=\"no_spacer\"  data-halign=\"left\" style=\"text-align:left\"><div class=\"uvc-heading-spacer no_spacer\" style=\"top\"><\/div><div class=\"uvc-main-heading ult-responsive\"  data-ultimate-target='.uvc-heading.ultimate-heading-543269decd978f443 h3'  data-responsive-json-new='{\"font-size\":\"\",\"line-height\":\"\"}' ><h3 style=\"font-weight:normal;\">Jedes Bauteil ist individuell. So wie jeder Kunde.<\/h3><\/div><\/div>[vc_column_text]Unsere Mitarbeiter in der Konstruktion und unsere zahlreichen anderen Spezialisten bieten innovative, individuelle L\u00f6sungen, die Ihre Anforderungen in Bezug auf Pr\u00fcfung, Logistik oder Montage erf\u00fcllen.<\/p>\n<p>Werkzeugkonstruktion mit SOLIDWORKS.[\/vc_column_text][\/vc_column_inner][vc_column_inner el_class=&#8221;column-image&#8221; width=&#8221;1\/4&#8243;][vc_single_image image=&#8221;868&#8243; img_size=&#8221;full&#8221;][\/vc_column_inner][\/vc_row_inner][vc_row_inner][vc_column_inner el_class=&#8221;column-image&#8221; width=&#8221;1\/4&#8243;][vc_single_image image=&#8221;877&#8243; img_size=&#8221;full&#8221;][\/vc_column_inner][vc_column_inner width=&#8221;3\/4&#8243;]<div id=\"ultimate-heading-246669decd978f479\" class=\"uvc-heading ult-adjust-bottom-margin ultimate-heading-246669decd978f479 uvc-9125 \" data-hspacer=\"no_spacer\"  data-halign=\"left\" style=\"text-align:left\"><div class=\"uvc-heading-spacer no_spacer\" style=\"top\"><\/div><div class=\"uvc-main-heading ult-responsive\"  data-ultimate-target='.uvc-heading.ultimate-heading-246669decd978f479 h3'  data-responsive-json-new='{\"font-size\":\"\",\"line-height\":\"\"}' ><h3 style=\"font-weight:normal;\">Einzigartiges und individuelles Werkzeugdesign<\/h3><\/div><\/div>[vc_column_text]Alle Stempel werden vollst\u00e4ndig in unserem Unternehmen entwickelt und hergestellt. Die Arbeitsweise von MEYLAN Fr\u00e8res SA garantiert Ihnen Pr\u00e4zision, Wiederholgenauigkeit, Produktivit\u00e4t und Sicherheit \u00fcber die gesamte Nutzungsdauer Ihres Bauteils. Wir k\u00fcmmern uns um Wartung, Reparaturen und alle produktionsbezogenen Parameter.[\/vc_column_text][\/vc_column_inner][\/vc_row_inner][vc_row_inner][vc_column_inner width=&#8221;3\/4&#8243;]<div id=\"ultimate-heading-688069decd978f4a5\" class=\"uvc-heading ult-adjust-bottom-margin ultimate-heading-688069decd978f4a5 uvc-1888 \" data-hspacer=\"no_spacer\"  data-halign=\"left\" style=\"text-align:left\"><div class=\"uvc-heading-spacer no_spacer\" style=\"top\"><\/div><div class=\"uvc-main-heading ult-responsive\"  data-ultimate-target='.uvc-heading.ultimate-heading-688069decd978f4a5 h3'  data-responsive-json-new='{\"font-size\":\"\",\"line-height\":\"\"}' ><h3 style=\"font-weight:normal;\">Wir bieten passende L\u00f6sungen f\u00fcr die gesamte Produktionskette<\/h3><\/div><\/div>[vc_column_text]Wir bieten Ihren f\u00fcr alle Prozessschritte vor und nach dem Stanzen ideale L\u00f6sungen f\u00fcr eine sichere und zuverl\u00e4ssige Prozessgestaltung. Unser Know-how und unsere Ideen bedeuten einen echten Mehrwert f\u00fcr Sie. Damit heben wir uns deutlich von unserer Konkurrenz ab.<\/p>\n<p>Werkzeugbearbeitung mit Draht- und Senkerodieren Optimale Oberfl\u00e4chenqualit\u00e4t der Hartmetallelemente dank \u00d6lbad-Erodiermaschinen (AgieCharmilles CUT 1000 OilTech).<\/p>\n<p>Montage, Zusammenstellung und Einrichtung unserer Werkzeuge durch unsere Spezialisten. Einbeziehung der wichtigsten Aspekte von Instandhaltung, Sch\u00e4rfen und m\u00f6glicher \u00c4nderungen oder Anpassungen.[\/vc_column_text][\/vc_column_inner][vc_column_inner el_class=&#8221;column-image&#8221; width=&#8221;1\/4&#8243; offset=&#8221;vc_hidden-sm vc_hidden-xs&#8221;][vc_single_image image=&#8221;865&#8243; img_size=&#8221;full&#8221;][\/vc_column_inner][\/vc_row_inner][vc_row_inner el_id=&#8221;rangee-deux-images&#8221;][vc_column_inner width=&#8221;1\/2&#8243; offset=&#8221;vc_col-xs-6&#8243;][vc_single_image image=&#8221;871&#8243; img_size=&#8221;full&#8221;][\/vc_column_inner][vc_column_inner width=&#8221;1\/2&#8243; offset=&#8221;vc_col-xs-6&#8243;][vc_single_image image=&#8221;874&#8243; img_size=&#8221;full&#8221;][\/vc_column_inner][\/vc_row_inner][vc_empty_space height=&#8221;50px&#8221;][\/vc_column][\/vc_row][vc_row full_width=&#8221;stretch_row_content_no_spaces&#8221; content_placement=&#8221;middle&#8221; bg_type=&#8221;video&#8221; video_url=&#8221;\/wp-content\/uploads\/2019\/06\/meylan-accueil-video-de-presentation.mp4&#8243; video_opts=&#8221;loop,muted&#8221; bg_override=&#8221;ex-full&#8221; css=&#8221;.vc_custom_1582301079271{padding-top: 23.4375vw !important;padding-bottom: 23.4375vw !important;}&#8221; el_id=&#8221;video-banner&#8221; el_class=&#8221;video-background-1920-1080&#8243;][vc_column][\/vc_column][\/vc_row][vc_row full_width=&#8221;stretch_row&#8221; css=&#8221;.vc_custom_1531738939611{background-color: #f9f9f9 !important;}&#8221;][vc_column][vc_empty_space height=&#8221;35px&#8221;]<div id=\"ultimate-heading-885969decd978f4c8\" class=\"uvc-heading ult-adjust-bottom-margin ultimate-heading-885969decd978f4c8 uvc-4889 \" data-hspacer=\"no_spacer\"  data-halign=\"left\" style=\"text-align:left\"><div class=\"uvc-heading-spacer no_spacer\" style=\"top\"><\/div><div class=\"uvc-main-heading ult-responsive\"  data-ultimate-target='.uvc-heading.ultimate-heading-885969decd978f4c8 h2'  data-responsive-json-new='{\"font-size\":\"\",\"line-height\":\"\"}' ><h2 style=\"font-weight:normal;\">Was ist ein Folgeverbundwerkzeug?<\/h2><\/div><\/div>[vc_row_inner][vc_column_inner][vc_column_text]Es wird auch als Stufenwerkzeug bezeichnet. Wie der Name schon sagt, k\u00f6nnen mit diesem Werkzeug mehrere Arbeitsg\u00e4nge nacheinander durchgef\u00fchrt werden. Mit jedem Hub der Presse wird das Metallband um eine Stufe bzw. einen Schritt vorw\u00e4rts bewegt. Das Bauteil wird also stufenweise hergestellt.<\/p>\n<p>Das bedeutet:[\/vc_column_text][\/vc_column_inner][\/vc_row_inner][vc_row_inner][vc_column_inner width=&#8221;1\/2&#8243;][vc_column_text]<\/p>\n<ul>\n<li>Eine der gr\u00f6\u00dften Herausforderungen bei der progressive Pr\u00e4gung ist die pr\u00e4zise \u201eF\u00fchrung\u201c des Materialbands. Sie muss in jedem Arbeitsgang eine korrekte relative Postion zum zu produzierenden Bauteil gew\u00e4hrleisten.<\/li>\n<li>Ma\u00dfgeblich hierf\u00fcr ist eine Presse mit Bandvorschub, der je nach Position des Pressstempels verstellbar und ausr\u00fcckbar ist.<\/li>\n<li>Das zu produzierende Bauteil muss bis zum letzten Arbeitsgang im Band gehalten werden.<\/li>\n<\/ul>\n<p>[\/vc_column_text][\/vc_column_inner][vc_column_inner width=&#8221;1\/2&#8243;][vc_column_text]<\/p>\n<ul>\n<li>Vor Beginn der Produktion muss der Werkzeugeinrichter die Arbeitsg\u00e4nge der einzelnen Stufen exakt einrichten. Das zu stanzende Materialband muss alle Stufen bzw. Arbeitsschritte des Folgeverbundwerkzeugs erfolgreich durchlaufen. Nur eine gewissenhafte und umfassend geschulte Person kann diese Einrichtarbeiten vornehmen.<\/li>\n<li>Nach erfolgreicher Einrichtung wird mit jedem Pressenhub ein Bauteil hergestellt.<\/li>\n<\/ul>\n<p>[\/vc_column_text][\/vc_column_inner][\/vc_row_inner][\/vc_column][\/vc_row][vc_row full_width=&#8221;stretch_row&#8221; css=&#8221;.vc_custom_1582035154956{background-color: #27578D !important;}&#8221; el_class=&#8221;background-with-meylan-logo&#8221;][vc_column][vc_empty_space height=&#8221;40px&#8221;]<div id=\"ultimate-heading-264369decd978f4e4\" class=\"uvc-heading ult-adjust-bottom-margin ultimate-heading-264369decd978f4e4 uvc-3986 \" data-hspacer=\"no_spacer\"  data-halign=\"center\" style=\"text-align:center\"><div class=\"uvc-heading-spacer no_spacer\" style=\"top\"><\/div><div class=\"uvc-main-heading ult-responsive\"  data-ultimate-target='.uvc-heading.ultimate-heading-264369decd978f4e4 h2'  data-responsive-json-new='{\"font-size\":\"\",\"line-height\":\"\"}' ><h2 style=\"font-weight:normal;color:#ffffff;\">Erfahren Sie mehr \u00fcber unsere Leistungen im Bereich Elektroerodieren<\/h2><\/div><\/div>[vc_empty_space height=&#8221;30px&#8221;]\r<!-- rt-button2 -->\r<div class=\"rt-button2 element-two hover-style-one ex85f559dbc172ae3  \"  data-button-direction=\"center\" data-button-fullwidth=\"false\" ><a style=\" color: #27578D; font-size: 14px;\" class=\"rt-button2-main  vc_custom_1598276172010\" href=\"\/de\/leistungen\/elektroerodieren\"  rel=\"nofollow\" title=\"\" target=\"_self\"><div class=\"overlay\"><\/div><div class=\"placeholder\">Mehr erfahren<\/div><\/a><\/div>\r<!-- rt-button2 -->\r[\/vc_column][\/vc_row]<\/p>\n<\/div>","protected":false},"excerpt":{"rendered":"<p>[vc_row][vc_column][vc_row_inner][vc_column_inner width=&#8221;3\/4&#8243;][vc_column_text]Unsere Mitarbeiter in der Konstruktion und unsere zahlreichen anderen Spezialisten bieten innovative, individuelle L\u00f6sungen, die Ihre Anforderungen in Bezug auf Pr\u00fcfung, Logistik oder Montage erf\u00fcllen. Werkzeugkonstruktion mit SOLIDWORKS.[\/vc_column_text][\/vc_column_inner][vc_column_inner el_class=&#8221;column-image&#8221; width=&#8221;1\/4&#8243;][vc_single_image image=&#8221;868&#8243; img_size=&#8221;full&#8221;][\/vc_column_inner][\/vc_row_inner][vc_row_inner][vc_column_inner el_class=&#8221;column-image&#8221; width=&#8221;1\/4&#8243;][vc_single_image image=&#8221;877&#8243; img_size=&#8221;full&#8221;][\/vc_column_inner][vc_column_inner width=&#8221;3\/4&#8243;][vc_column_text]Alle Stempel werden vollst\u00e4ndig in unserem Unternehmen entwickelt und hergestellt. Die Arbeitsweise von MEYLAN Fr\u00e8res SA garantiert Ihnen [&hellip;]<\/p>\n","protected":false},"author":3,"featured_media":862,"parent":3088,"menu_order":0,"comment_status":"closed","ping_status":"closed","template":"","meta":{"_acf_changed":false,"inline_featured_image":false,"footnotes":""},"class_list":["post-3090","page","type-page","status-publish","has-post-thumbnail","hentry"],"acf":[],"_links":{"self":[{"href":"https:\/\/meylanfreres.ch\/de\/wp-json\/wp\/v2\/pages\/3090","targetHints":{"allow":["GET"]}}],"collection":[{"href":"https:\/\/meylanfreres.ch\/de\/wp-json\/wp\/v2\/pages"}],"about":[{"href":"https:\/\/meylanfreres.ch\/de\/wp-json\/wp\/v2\/types\/page"}],"author":[{"embeddable":true,"href":"https:\/\/meylanfreres.ch\/de\/wp-json\/wp\/v2\/users\/3"}],"replies":[{"embeddable":true,"href":"https:\/\/meylanfreres.ch\/de\/wp-json\/wp\/v2\/comments?post=3090"}],"version-history":[{"count":0,"href":"https:\/\/meylanfreres.ch\/de\/wp-json\/wp\/v2\/pages\/3090\/revisions"}],"up":[{"embeddable":true,"href":"https:\/\/meylanfreres.ch\/de\/wp-json\/wp\/v2\/pages\/3088"}],"wp:featuredmedia":[{"embeddable":true,"href":"https:\/\/meylanfreres.ch\/de\/wp-json\/wp\/v2\/media\/862"}],"wp:attachment":[{"href":"https:\/\/meylanfreres.ch\/de\/wp-json\/wp\/v2\/media?parent=3090"}],"curies":[{"name":"wp","href":"https:\/\/api.w.org\/{rel}","templated":true}]}}