{"id":12504,"date":"2023-08-08T22:36:33","date_gmt":"2023-08-08T20:36:33","guid":{"rendered":"https:\/\/meylanfreres.ch\/legal-mentions\/"},"modified":"2023-08-08T23:31:31","modified_gmt":"2023-08-08T21:31:31","slug":"rechtliche-erwaehnungen","status":"publish","type":"page","link":"https:\/\/meylanfreres.ch\/de\/rechtliche-erwaehnungen\/","title":{"rendered":"Rechtliche Erw\u00e4hnungen"},"content":{"rendered":"        \r\n        <h2 class=\"wp-block-heading  \">Allgemeine Informationen<\/h2>\r\n        \r\n                \r\n        <p>Dieses Dokument stellt den rechtlichen Hinweis dar, der f\u00fcr die Nutzung der Website https:\/\/meylanfreres.ch (im Folgenden als &#8220;die Website&#8221; bezeichnet) gilt. Bitte lesen Sie diese rechtlichen Hinweise sorgf\u00e4ltig durch, bevor Sie die Website besuchen oder nutzen. Indem Sie auf die Website zugreifen oder diese nutzen, erkl\u00e4ren Sie sich mit diesen rechtlichen Hinweisen einverstanden. Wenn Sie mit diesen Bedingungen nicht einverstanden sind, stellen Sie bitte die Nutzung der Website unverz\u00fcglich ein.<\/p>\r\n        \r\n                \r\n        <h2 class=\"wp-block-heading  \">Eigent\u00fcmer der Website<\/h2>\r\n        \r\n                \r\n        <p>Die Website ist Eigentum von Meylan Fr\u00e8res S.A. (im Folgenden &#8220;der Eigent\u00fcmer&#8221; genannt) und wird von ihm betrieben. Die Kontaktdaten des Eigent\u00fcmers lauten wie folgt:<\/p>\r\n        \r\n                \r\n        <p>Meylan Fr\u00e8res S.A.<br>Route du Planoz 31<br \/>\r\n1348 Le Brassus, Schweiz<br>info@meylanfreres.ch<\/p>\r\n        \r\n                \r\n        <h2 class=\"wp-block-heading  \">Hosting<\/h2>\r\n        \r\n                \r\n        <p>Die Website wird von Infomaniak (im Folgenden &#8220;der Hoster&#8221; genannt) gehostet. Die Kontaktinformationen des Hosts lauten wie folgt:<\/p>\r\n        \r\n                \r\n        <p>Infomaniak<\/p>\r\n        \r\n                \r\n        <h2 class=\"wp-block-heading  \">Site content<\/h2>\r\n        \r\n                \r\n        <p>Alle Marken, Fotos, Texte, Kommentare, Illustrationen, animierten oder nicht animierten Bilder, Videosequenzen, T\u00f6ne sowie alle Computeranwendungen, die f\u00fcr den Betrieb dieser Website verwendet werden k\u00f6nnen, und ganz allgemein alle Elemente, die auf der Website reproduziert oder verwendet werden, sind durch die geltenden Gesetze \u00fcber geistiges Eigentum gesch\u00fctzt.<\/p>\r\n        \r\n                \r\n        <p>Sie sind das vollst\u00e4ndige und ausschlie\u00dfliche Eigentum des Herausgebers oder seiner Partner. Jegliche Vervielf\u00e4ltigung, Darstellung, Nutzung oder Anpassung in jeglicher Form, auch in Form von Computeranwendungen, ist ohne vorherige schriftliche Zustimmung des Herausgebers strengstens untersagt. Die Tatsache, dass der Herausgeber bei Bekanntwerden einer solchen unerlaubten Nutzung keine rechtlichen Schritte einleitet, stellt keine Zustimmung zu dieser Nutzung dar und bedeutet keinen Verzicht auf das Recht, rechtliche Schritte einzuleiten.<\/p>\r\n        \r\n                \r\n        <p>Der gesamte Inhalt dieser Website darf ohne vorherige schriftliche Genehmigung nicht in irgendeiner Form oder einem Medium verwendet und\/oder vervielf\u00e4ltigt werden. Die Logos und Marken auf dieser Website sind gesch\u00fctzt und d\u00fcrfen ohne Genehmigung nicht vervielf\u00e4ltigt oder verwendet werden.<\/p>\r\n        \r\n                \r\n        <p>Die Einrichtung von Hypertext-Links zu dieser Website darf nur mit vorheriger schriftlicher Zustimmung des Herausgebers erfolgen, der jede Verantwortung f\u00fcr den Inhalt der mit dieser Website verlinkten Websites, gleich welcher Art, ablehnt.<\/p>\r\n        \r\n                \r\n        <h2 class=\"wp-block-heading  \">Pers\u00f6nliche Daten<\/h2>\r\n        \r\n                \r\n        <p>Sie haben das Recht auf Zugang, Berichtigung und L\u00f6schung der Sie betreffenden Daten. Sie k\u00f6nnen dieses Recht aus\u00fcben, indem Sie uns einen Brief an die folgende Adresse schicken: info@meylanfreres.ch.<\/p>\r\n        \r\n                \r\n        <h2 class=\"wp-block-heading  \">Geistiges Eigentum<\/h2>\r\n        \r\n                \r\n        <p>Der gesamte Inhalt dieser Website ist Eigentum des Herausgebers und darf ohne vorherige schriftliche Genehmigung in keiner Form oder auf keinem Medium verwendet und\/oder reproduziert werden. Die Logos und Marken auf dieser Website sind gesch\u00fctzt und d\u00fcrfen ohne Genehmigung nicht vervielf\u00e4ltigt oder verwendet werden.<\/p>\r\n        \r\n                \r\n        <p>Die Einrichtung von Hypertext-Links zu dieser Website darf nur mit vorheriger schriftlicher Zustimmung des Herausgebers erfolgen, der jede Verantwortung f\u00fcr den Inhalt der mit dieser Website verlinkten Websites, gleich welcher Art, ablehnt.<\/p>\r\n        \r\n                \r\n        <h2 class=\"wp-block-heading  \">Cookies<\/h2>\r\n        \r\n                \r\n        <p>Der Herausgeber beh\u00e4lt sich das Recht vor, bei der Verbindung Cookies an den Computer des Benutzers zu senden. Bei diesen Cookies handelt es sich um Dateien, die die Aufzeichnung von Informationen \u00fcber das Surfen des Computers auf der Website erm\u00f6glichen. Der Besucher kann die Speicherung von Cookies ablehnen, indem er seinen Computer entsprechend konfiguriert.<\/p>\r\n        \r\n                \r\n        <h2 class=\"wp-block-heading  \">Verantwortung<\/h2>\r\n        \r\n                \r\n        <p>Meylan Fr\u00e8res S.A. lehnt jede Verantwortung f\u00fcr die Nutzung der auf der Website verbreiteten Informationen ab. Der Inhalt der Website kann technische Ungenauigkeiten, typografische Fehler oder Auslassungen enthalten. Dieser Inhalt kann ohne Vorank\u00fcndigung ge\u00e4ndert oder aktualisiert werden. Die m\u00f6glichen Hypertext-Links auf der Website, die die Nutzer zu anderen Websites leiten, \u00fcbernehmen keine Verantwortung des Eigent\u00fcmers f\u00fcr den Inhalt der anderen Websites. Meylan Fr\u00e8res S.A. haftet nicht f\u00fcr direkte oder indirekte Sch\u00e4den, die sich aus der Verbreitung eines Virus durch einen Dritten \u00fcber unsere Website ergeben, der das Computersystem oder die Computerkonfiguration des Benutzers infolge der Verbindung, der Nutzung, des Surfens oder des Herunterladens von dieser Website infizieren k\u00f6nnte.<\/p>\r\n        \r\n                \r\n        <p>Der Herausgeber haftet nicht f\u00fcr Ausf\u00e4lle, St\u00f6rungen, Schwierigkeiten oder Unterbrechungen des Betriebs, die den Zugang zur Website oder zu einer ihrer Funktionen verhindern.<\/p>\r\n        \r\n                \r\n        <p>Sie tragen die Verantwortung f\u00fcr die Ger\u00e4te, mit denen Sie sich mit der Website verbinden. Sie m\u00fcssen alle geeigneten Ma\u00dfnahmen ergreifen, um Ihre Ger\u00e4te und Ihre eigenen Daten zu sch\u00fctzen, insbesondere vor Angriffen durch Internet-Viren. Au\u00dferdem sind Sie allein f\u00fcr die Websites und Daten verantwortlich, auf die Sie zugreifen.<\/p>\r\n        \r\n                \r\n        <p>Der Herausgeber kann nicht haftbar gemacht werden, wenn rechtliche Schritte gegen Sie eingeleitet werden:<\/p>\r\n        \r\n                \r\n        <ul class=\"wp-block-list\">\r\n                      <li>aufgrund der Nutzung der Website oder eines \u00fcber das Internet zug\u00e4nglichen Dienstes<\/li>\r\n                        <li>aufgrund Ihrer Nichteinhaltung dieser rechtlichen Hinweise<\/li>\r\n                    <\/ul>\r\n        \r\n                \r\n        <p>Der Herausgeber haftet nicht f\u00fcr Sch\u00e4den, die Sie sich selbst, Dritten und\/oder Ihrer Ausr\u00fcstung infolge Ihrer Verbindung oder Nutzung der Website zuf\u00fcgen, und Sie verzichten auf jegliche diesbez\u00fcglichen Anspr\u00fcche gegen\u00fcber dem Herausgeber.<\/p>\r\n        \r\n                \r\n        <p>Wenn der Herausgeber aufgrund Ihrer Nutzung der Website Gegenstand eines g\u00fctlichen oder gerichtlichen Verfahrens wird, kann der Herausgeber von Ihnen eine Entsch\u00e4digung f\u00fcr alle Sch\u00e4den, Betr\u00e4ge, Verurteilungen und Kosten verlangen, die sich aus einem solchen Verfahren ergeben k\u00f6nnen.<\/p>\r\n        \r\n                \r\n        <h2 class=\"wp-block-heading  \">Externe Links<\/h2>\r\n        \r\n                \r\n        <p>Die Website kann Links zu Websites Dritter enthalten. Diese Links werden nur zu Informationszwecken zur Verf\u00fcgung gestellt. Der Eigent\u00fcmer hat keine Kontrolle \u00fcber den Inhalt dieser Websites und lehnt jegliche Verantwortung f\u00fcr deren Inhalt, Genauigkeit oder Rechtm\u00e4\u00dfigkeit ab. Die Aufnahme von Links zu Websites Dritter impliziert keine Billigung oder Verbindung mit diesen Websites.<\/p>\r\n        \r\n                \r\n        <h2 class=\"wp-block-heading  \">\u00c4nderungen an den rechtlichen Hinweisen<\/h2>\r\n        \r\n                \r\n        <p>Der Eigent\u00fcmer beh\u00e4lt sich das Recht vor, diese rechtlichen Hinweise jederzeit und ohne vorherige Ank\u00fcndigung zu \u00e4ndern. Die \u00c4nderungen treten mit ihrer Ver\u00f6ffentlichung auf der Website in Kraft. Es liegt in Ihrer Verantwortung, die rechtlichen Hinweise regelm\u00e4\u00dfig zu konsultieren, um sich \u00fcber etwaige \u00c4nderungen zu informieren.<\/p>\r\n        \r\n                \r\n        <h2 class=\"wp-block-heading  \">Anwendbares Recht und Gerichtsbarkeit<\/h2>\r\n        \r\n                \r\n        <p>Diese rechtlichen Hinweise unterliegen den in Schweiz geltenden Gesetzen. Alle Streitigkeiten, die sich aus der Nutzung der Website ergeben, unterliegen der ausschlie\u00dflichen Zust\u00e4ndigkeit der zust\u00e4ndigen Gerichte von Schweiz.<\/p>\r\n        \r\n                \r\n        <p>Wenn Sie Fragen zu diesen rechtlichen Hinweisen haben, kontaktieren Sie uns bitte unter der folgenden E-Mail-Adresse: info@meylanfreres.ch.<\/p>\r\n        \r\n                \r\n        <p>Zuletzt aktualisiert: 8. August 2023.<\/p>\r\n        \r\n        ","protected":false},"excerpt":{"rendered":"<p>Allgemeine Informationen Dieses Dokument stellt den rechtlichen Hinweis dar, der f\u00fcr die Nutzung der Website (im Folgenden als &#8220;die Website&#8221; bezeichnet) gilt. Bitte lesen Sie diese rechtlichen Hinweise sorgf\u00e4ltig durch, bevor Sie die Website besuchen oder nutzen. Indem Sie auf die Website zugreifen oder diese nutzen, erkl\u00e4ren Sie sich mit diesen rechtlichen Hinweisen einverstanden. Wenn [&hellip;]<\/p>\n","protected":false},"author":4,"featured_media":0,"parent":0,"menu_order":0,"comment_status":"closed","ping_status":"closed","template":"","meta":{"_acf_changed":false,"inline_featured_image":false,"footnotes":""},"class_list":["post-12504","page","type-page","status-publish","hentry"],"acf":[],"_links":{"self":[{"href":"https:\/\/meylanfreres.ch\/de\/wp-json\/wp\/v2\/pages\/12504","targetHints":{"allow":["GET"]}}],"collection":[{"href":"https:\/\/meylanfreres.ch\/de\/wp-json\/wp\/v2\/pages"}],"about":[{"href":"https:\/\/meylanfreres.ch\/de\/wp-json\/wp\/v2\/types\/page"}],"author":[{"embeddable":true,"href":"https:\/\/meylanfreres.ch\/de\/wp-json\/wp\/v2\/users\/4"}],"replies":[{"embeddable":true,"href":"https:\/\/meylanfreres.ch\/de\/wp-json\/wp\/v2\/comments?post=12504"}],"version-history":[{"count":0,"href":"https:\/\/meylanfreres.ch\/de\/wp-json\/wp\/v2\/pages\/12504\/revisions"}],"wp:attachment":[{"href":"https:\/\/meylanfreres.ch\/de\/wp-json\/wp\/v2\/media?parent=12504"}],"curies":[{"name":"wp","href":"https:\/\/api.w.org\/{rel}","templated":true}]}}